{"id":1905,"date":"2019-12-02T10:12:03","date_gmt":"2019-12-02T10:12:03","guid":{"rendered":"https:\/\/droitthemes.com\/wp\/zix\/?page_id=8"},"modified":"2026-02-22T03:19:40","modified_gmt":"2026-02-22T03:19:40","slug":"home","status":"publish","type":"page","link":"https:\/\/www.digicast.cl\/1\/","title":{"rendered":"Studio"},"content":{"rendered":"\t\t<div data-elementor-type=\"wp-page\" data-elementor-id=\"1905\" class=\"elementor elementor-1905\" data-elementor-settings=\"[]\">\n\t\t\t<div class=\"elementor-inner\">\n\t\t\t\t<div class=\"elementor-section-wrap\">\n\t\t\t\t\t\t\t<section class=\"elementor-element elementor-element-204752d elementor-section-full_width elementor-section-stretched elementor-section-height-default elementor-section-height-default elementor-section elementor-top-section\" data-id=\"204752d\" data-element_type=\"section\" data-settings=\"{&quot;stretch_section&quot;:&quot;section-stretched&quot;}\">\n\t\t\t\t\t\t<div class=\"elementor-container elementor-column-gap-no\">\n\t\t\t\t<div class=\"elementor-row\">\n\t\t\t\t<div class=\"elementor-element elementor-element-48ea8ee elementor-column elementor-col-100 elementor-top-column\" data-id=\"48ea8ee\" data-element_type=\"column\">\n\t\t\t<div class=\"elementor-column-wrap  elementor-element-populated\">\n\t\t\t\t\t<div class=\"elementor-widget-wrap\">\n\t\t\t\t<div class=\"elementor-element elementor-element-95bc85f elementor-widget elementor-widget-zix-hero\" data-id=\"95bc85f\" data-element_type=\"widget\" data-widget_type=\"zix-hero.default\">\n\t\t\t\t<div class=\"elementor-widget-container\">\n\t\t\t    <section class=\"creative_banner_area d-flex align-items-center\">\r\n        <div class=\"overlay_bg p_absoulte\"><\/div>\r\n        <div class=\"container\">\r\n            <div class=\"row\">\r\n                <div class=\"col-lg-6\">\r\n                    <div class=\"creative_banner_text\">\r\n                        <h2 data-splitting class=\"banner_title wow fadeInUp\">Radio<br \/>\nTV Digital<br \/>\nwireless<br \/>\n<\/h2>                    <\/div>\r\n                <\/div>\r\n                <div class=\"col-lg-6\">\r\n                    <div class=\"creative_img\">\r\n                        <div class=\"p_absoulte memphis_one\" data-parallax='{\"x\": 50, \"y\": 20, \"rotateY\":-95}'><img class=\"layer layer2\" data-depth=\"0.5\" src=\"https:\/\/www.digicast.cl\/1\/wp-content\/uploads\/2019\/12\/small_memphis_right-min.png\" alt=\"Featured Object image\"><\/div><div class=\"wow fadeInUp\" data-wow-delay=\"0.3s\"><img data-parallax='{\"x\": 0, \"y\": 60}' src=\"https:\/\/www.digicast.cl\/1\/wp-content\/uploads\/2019\/12\/big_memphis-min.png\" alt=\"Featured Image\"><\/div><div class=\"p_absoulte memphis_two\" data-parallax='{\"x\": 0, \"y\": 60}'><img class=\"layer layer2\" data-depth=\"0.20\" src=\"https:\/\/www.digicast.cl\/1\/wp-content\/uploads\/2019\/12\/small_memphis_left-min.png\" alt=\"Featured Object image\"><\/div>                    <\/div>\r\n                <\/div>\r\n            <\/div>\r\n        <\/div>\r\n    <\/section>\t\t<\/div>\n\t\t\t\t<\/div>\n\t\t\t\t<div class=\"elementor-element elementor-element-955fa45 elementor-widget elementor-widget-zix-about\" data-id=\"955fa45\" data-element_type=\"widget\" data-widget_type=\"zix-about.default\">\n\t\t\t\t<div class=\"elementor-widget-container\">\n\t\t\t            <section class=\"creative_about_area\">\n                                <div class=\"container\">\n                    <div class=\"row\">\n                        <div class=\"col-lg-6\">\n                            <div class=\"creative_about_img\">\n                                <div class=\"creative_shap\"><\/div><div class=\"text\" data-parallax='{\"x\": 0, \"y\": 60}'>20+ <span>A\u00f1os de Experiencia<\/span><\/div>                            <\/div>\n                        <\/div>\n                        <div class=\"col-lg-5 offset-lg-1 align-items-center d-flex\">\n                            <div class=\"creative_about_content\">\n                                <h2 class=\"title wow fadeInLeft\" data-wow-delay=\"0.2s\">\u00bfPorqu\u00e9 trabajar con Nosotros?<\/h2><p class=\"wow fadeInLeft\" data-wow-delay=\"0.4s\">Desde la fundaci\u00f3n de Digicast, contamos con un\u00a0prestigio de excelente servicio. Desde la\u00a0planificaci\u00f3n y dise\u00f1o hasta la puesta en marcha del proyecto, estamos ah\u00ed en cada paso.\nA trav\u00e9s de los a\u00f1os, Digicast se transformado en una empresa s\u00f3lida y dominante en el mercado de la radiodifusi\u00f3n<\/p><a href=\"https:\/\/www.digicast.cl\/1\/contacto\/\" class=\"get_btn creative_btn_two btn_radious wow fadeInLeft\" data-wow-delay=\"0.6s\">Contactanos<\/a>                            <\/div>\n                        <\/div>\n\n                    <\/div>\n                <\/div>\n            <\/section>\n            \t\t<\/div>\n\t\t\t\t<\/div>\n\t\t\t\t\t\t<\/div>\n\t\t\t<\/div>\n\t\t<\/div>\n\t\t\t\t\t\t<\/div>\n\t\t\t<\/div>\n\t\t<\/section>\n\t\t\t\t<section class=\"elementor-element elementor-element-ccb3a24 elementor-section-full_width elementor-section-height-default elementor-section-height-default elementor-section elementor-top-section\" data-id=\"ccb3a24\" data-element_type=\"section\" data-settings=\"{&quot;background_background&quot;:&quot;classic&quot;}\">\n\t\t\t\t\t\t<div class=\"elementor-container elementor-column-gap-no\">\n\t\t\t\t<div class=\"elementor-row\">\n\t\t\t\t<div class=\"elementor-element elementor-element-741c20b elementor-column elementor-col-100 elementor-top-column\" data-id=\"741c20b\" data-element_type=\"column\">\n\t\t\t<div class=\"elementor-column-wrap\">\n\t\t\t\t\t<div class=\"elementor-widget-wrap\">\n\t\t\t\t\t\t<\/div>\n\t\t\t<\/div>\n\t\t<\/div>\n\t\t\t\t\t\t<\/div>\n\t\t\t<\/div>\n\t\t<\/section>\n\t\t\t\t<section class=\"elementor-element elementor-element-405911b elementor-section-stretched elementor-section-full_width elementor-section-height-default elementor-section-height-default elementor-section elementor-top-section\" data-id=\"405911b\" data-element_type=\"section\" data-settings=\"{&quot;stretch_section&quot;:&quot;section-stretched&quot;}\">\n\t\t\t\t\t\t<div class=\"elementor-container elementor-column-gap-no\">\n\t\t\t\t<div class=\"elementor-row\">\n\t\t\t\t<div class=\"elementor-element elementor-element-e98292f elementor-column elementor-col-100 elementor-top-column\" data-id=\"e98292f\" data-element_type=\"column\">\n\t\t\t<div class=\"elementor-column-wrap  elementor-element-populated\">\n\t\t\t\t\t<div class=\"elementor-widget-wrap\">\n\t\t\t\t<div class=\"elementor-element elementor-element-01d29d1 elementor-widget__width-inherit elementor-widget elementor-widget-zix-c2a\" data-id=\"01d29d1\" data-element_type=\"widget\" data-widget_type=\"zix-c2a.default\">\n\t\t\t\t<div class=\"elementor-widget-container\">\n\t\t\t        <section class=\"promo_area_two\">\n                        <div class=\"container\">\n                <div class=\"row promo_info d-flex align-items-center\">\n                    <div class=\"col-lg-8\">\n                        <h2> Has realidad tu proyecto de radio y televisi\u00f3n <\/h2>                    <\/div>\n                    <div class=\"col-lg-4 text-right\">\n                                            <\/div>\n                <\/div>\n            <\/div>\n        <\/section>\n        \t\t<\/div>\n\t\t\t\t<\/div>\n\t\t\t\t\t\t<\/div>\n\t\t\t<\/div>\n\t\t<\/div>\n\t\t\t\t\t\t<\/div>\n\t\t\t<\/div>\n\t\t<\/section>\n\t\t\t\t<section class=\"elementor-element elementor-element-beba8d2 elementor-section-height-min-height elementor-section-boxed elementor-section-height-default elementor-section-items-middle elementor-section elementor-top-section\" data-id=\"beba8d2\" data-element_type=\"section\" data-settings=\"{&quot;background_background&quot;:&quot;classic&quot;}\">\n\t\t\t\t\t\t<div class=\"elementor-container elementor-column-gap-narrow\">\n\t\t\t\t<div class=\"elementor-row\">\n\t\t\t\t<div class=\"elementor-element elementor-element-361faa1 elementor-column elementor-col-100 elementor-top-column\" data-id=\"361faa1\" data-element_type=\"column\">\n\t\t\t<div class=\"elementor-column-wrap  elementor-element-populated\">\n\t\t\t\t\t<div class=\"elementor-widget-wrap\">\n\t\t\t\t<div class=\"elementor-element elementor-element-797737c elementor-widget elementor-widget-text-editor\" data-id=\"797737c\" data-element_type=\"widget\" data-widget_type=\"text-editor.default\">\n\t\t\t\t<div class=\"elementor-widget-container\">\n\t\t\t\t\t<div class=\"elementor-text-editor elementor-clearfix\"><p>Nuestra motivaci\u00f3n es iluminar la vida de la gente y queremos seguir siempre brillando, por eso lo acompa\u00f1amos en su pasi\u00f3n por la radiodifusi\u00f3n y en construir el sue\u00f1o de conectar a las personas.<\/p><p class=\"font_8\" style=\"text-align: center;\"><span class=\"color_30\">Ya llevamos 20 a\u00f1os de exitosa experiencia y probado prestigio en la elaboraci\u00f3n de Proyectos para obtener concesiones de radio y televisi\u00f3n, as\u00ed como en\u00a0 el dise\u00f1o y puesta en servicio de estudios y plantas transmisoras para radioemisoras FM y canales digitales de TV abierta de libre recepci\u00f3n.<\/span><\/p><p class=\"font_8\" style=\"text-align: center;\"><span class=\"color_30\">En Digicast comprendemos perfectamente el desaf\u00edo de llevar adelante\u00a0 d\u00eda a d\u00eda sus transmisiones de radio y televisi\u00f3n. Trabajamos \u00a0con nuestros clientes de manera personalizada, respondiendo a tiempo a sus necesidades y expectativas, con soluciones acordes\u00a0 a su presupuesto.<\/span><\/p><p class=\"font_8\" style=\"text-align: center;\">\u00a0<\/p><\/div>\n\t\t\t\t<\/div>\n\t\t\t\t<\/div>\n\t\t\t\t\t\t<\/div>\n\t\t\t<\/div>\n\t\t<\/div>\n\t\t\t\t\t\t<\/div>\n\t\t\t<\/div>\n\t\t<\/section>\n\t\t\t\t<section class=\"elementor-element elementor-element-043d973 elementor-section-boxed elementor-section-height-default elementor-section-height-default elementor-section elementor-top-section\" data-id=\"043d973\" data-element_type=\"section\">\n\t\t\t\t\t\t<div class=\"elementor-container elementor-column-gap-default\">\n\t\t\t\t<div class=\"elementor-row\">\n\t\t\t\t<div class=\"elementor-element elementor-element-619b0de elementor-column elementor-col-100 elementor-top-column\" data-id=\"619b0de\" data-element_type=\"column\">\n\t\t\t<div class=\"elementor-column-wrap\">\n\t\t\t\t\t<div class=\"elementor-widget-wrap\">\n\t\t\t\t\t\t<\/div>\n\t\t\t<\/div>\n\t\t<\/div>\n\t\t\t\t\t\t<\/div>\n\t\t\t<\/div>\n\t\t<\/section>\n\t\t\t\t<section class=\"elementor-element elementor-element-aa17d7f elementor-section-full_width elementor-section-height-default elementor-section-height-default elementor-section elementor-top-section\" data-id=\"aa17d7f\" data-element_type=\"section\">\n\t\t\t\t\t\t<div class=\"elementor-container elementor-column-gap-no\">\n\t\t\t\t<div class=\"elementor-row\">\n\t\t\t\t<div class=\"elementor-element elementor-element-7806651f elementor-column elementor-col-100 elementor-top-column\" data-id=\"7806651f\" data-element_type=\"column\">\n\t\t\t<div class=\"elementor-column-wrap  elementor-element-populated\">\n\t\t\t\t\t<div class=\"elementor-widget-wrap\">\n\t\t\t\t<div class=\"elementor-element elementor-element-477f7cef elementor-widget elementor-widget-zix-service\" data-id=\"477f7cef\" data-element_type=\"widget\" data-widget_type=\"zix-service.default\">\n\t\t\t\t<div class=\"elementor-widget-container\">\n\t\t\t            <section class=\"service_area sec_pad\">\n                <div class=\"porrtfolio_bg p_absoulte\" data-parallax='{\"x\": 0, \"y\": 60}'><\/div>\n                <div class=\"container\">\n                                            <div class=\"section_title text-center wow fadeInUp\">\n                            <h6>ELABORACION Y GESTION DE PROYECTOS<\/h6><h2 class=\"title\">Areas de Trabajo<\/h2>                            <span class=\"title_decor\"\n                                  style=\"background : url(https:\/\/droitthemes.com\/wp\/zix\/wp-content\/uploads\/2019\/12\/title-br.png) no-repeat scroll center 0;\"><\/span>\n                        <\/div>\n                                            <div class=\"row\">\n                                                <div class=\"col-lg-4 col-sm-6\">\n                                <div class=\"service_item text-center\" data-text=\"1\">\n                                    <a href=\"https:\/\/www.digicast.cl\/1\/services\/proyectos-de-radiocomunicaciones-vhf\/\">\n                                        <img width=\"100\" height=\"100\" src=\"https:\/\/www.digicast.cl\/1\/wp-content\/uploads\/2020\/05\/icons8-radio-marina-100-copia.png\" class=\"attachment-post-thumbnail size-post-thumbnail wp-post-image\" alt=\"\" loading=\"lazy\" srcset=\"https:\/\/www.digicast.cl\/1\/wp-content\/uploads\/2020\/05\/icons8-radio-marina-100-copia.png 100w, https:\/\/www.digicast.cl\/1\/wp-content\/uploads\/2020\/05\/icons8-radio-marina-100-copia-50x50.png 50w\" sizes=\"(max-width: 100px) 100vw, 100px\" \/>                                    \n                                    <h4>RADIOCOMUNICACIONES<\/h4>\n                                    <p>Hace muchos a\u00f1os, las radiocomunicaciones privadas han sido una soluci\u00f3n de comunicaci\u00f3n ampliamente utilizada.<\/p>\n<\/a>\n                                <\/div>\n                            <\/div>\n                                                        <div class=\"col-lg-4 col-sm-6\">\n                                <div class=\"service_item text-center\" data-text=\"2\">\n                                    <a href=\"https:\/\/www.digicast.cl\/1\/services\/radiodifusion\/\">\n                                        <img width=\"100\" height=\"100\" src=\"https:\/\/www.digicast.cl\/1\/wp-content\/uploads\/2020\/05\/icons8-torre-de-radio-100.png\" class=\"attachment-post-thumbnail size-post-thumbnail wp-post-image\" alt=\"\" loading=\"lazy\" srcset=\"https:\/\/www.digicast.cl\/1\/wp-content\/uploads\/2020\/05\/icons8-torre-de-radio-100.png 100w, https:\/\/www.digicast.cl\/1\/wp-content\/uploads\/2020\/05\/icons8-torre-de-radio-100-50x50.png 50w\" sizes=\"(max-width: 100px) 100vw, 100px\" \/>                                    \n                                    <h4>RADIODIFUSION<\/h4>\n                                    <p>Para instalar, operar y explotar una radioemisora es\u00a0necesario disponer de una concesi\u00f3n de radiodifusi\u00f3n sonora otorgada por la Subsecretar\u00eda de Telecomunicaciones.<\/p>\n<\/a>\n                                <\/div>\n                            <\/div>\n                                                        <div class=\"col-lg-4 col-sm-6\">\n                                <div class=\"service_item text-center\" data-text=\"3\">\n                                    <a href=\"https:\/\/www.digicast.cl\/1\/services\/television-digital\/\">\n                                        <img width=\"96\" height=\"96\" src=\"https:\/\/www.digicast.cl\/1\/wp-content\/uploads\/2020\/05\/icons8-televisi\u00f3n-de-alta-definici\u00f3n-96-copia.png\" class=\"attachment-post-thumbnail size-post-thumbnail wp-post-image\" alt=\"\" loading=\"lazy\" srcset=\"https:\/\/www.digicast.cl\/1\/wp-content\/uploads\/2020\/05\/icons8-televisi\u00f3n-de-alta-definici\u00f3n-96-copia.png 96w, https:\/\/www.digicast.cl\/1\/wp-content\/uploads\/2020\/05\/icons8-televisi\u00f3n-de-alta-definici\u00f3n-96-copia-50x50.png 50w\" sizes=\"(max-width: 96px) 100vw, 96px\" \/>                                    \n                                    <h4>TELEVISION DIGITAL<\/h4>\n                                    <p>Para instalar, operar y explotar una estaci\u00f3n de TV es necesario disponer de una concesi\u00f3n de radiodifusi\u00f3n televisiva, otorgada por el Consejo Nacional de Televisi\u00f3n.<\/p>\n<\/a>\n                                <\/div>\n                            <\/div>\n                                                        <div class=\"col-lg-4 col-sm-6\">\n                                <div class=\"service_item text-center\" data-text=\"4\">\n                                    <a href=\"https:\/\/www.digicast.cl\/1\/services\/internet-wireless-5-8-ghz\/\">\n                                        <img width=\"96\" height=\"96\" src=\"https:\/\/www.digicast.cl\/1\/wp-content\/uploads\/2020\/05\/icons8-acceso-inal\u00e1mbrico-a-la-nube-96-copia.png\" class=\"attachment-post-thumbnail size-post-thumbnail wp-post-image\" alt=\"\" loading=\"lazy\" srcset=\"https:\/\/www.digicast.cl\/1\/wp-content\/uploads\/2020\/05\/icons8-acceso-inal\u00e1mbrico-a-la-nube-96-copia.png 96w, https:\/\/www.digicast.cl\/1\/wp-content\/uploads\/2020\/05\/icons8-acceso-inal\u00e1mbrico-a-la-nube-96-copia-50x50.png 50w\" sizes=\"(max-width: 96px) 100vw, 96px\" \/>                                    \n                                    <h4>WIRELESS &#038; F.O. INTERNET<\/h4>\n                                    <p>Actualmente el uso de Internet se ha transformado en un servicio b\u00e1sico tanto para empresas como hogares.<\/p>\n<\/a>\n                                <\/div>\n                            <\/div>\n                                                <\/div>\n                <\/div>\n            <\/section>\n            \t\t<\/div>\n\t\t\t\t<\/div>\n\t\t\t\t\t\t<\/div>\n\t\t\t<\/div>\n\t\t<\/div>\n\t\t\t\t\t\t<\/div>\n\t\t\t<\/div>\n\t\t<\/section>\n\t\t\t\t<section class=\"elementor-element elementor-element-2256efe elementor-section-boxed elementor-section-height-default elementor-section-height-default elementor-section elementor-top-section\" data-id=\"2256efe\" data-element_type=\"section\">\n\t\t\t\t\t\t<div class=\"elementor-container elementor-column-gap-default\">\n\t\t\t\t<div class=\"elementor-row\">\n\t\t\t\t<div class=\"elementor-element elementor-element-781c51d elementor-column elementor-col-100 elementor-top-column\" data-id=\"781c51d\" data-element_type=\"column\">\n\t\t\t<div class=\"elementor-column-wrap  elementor-element-populated\">\n\t\t\t\t\t<div class=\"elementor-widget-wrap\">\n\t\t\t\t<div class=\"elementor-element elementor-element-18e3948 elementor-widget elementor-widget-spacer\" data-id=\"18e3948\" data-element_type=\"widget\" data-widget_type=\"spacer.default\">\n\t\t\t\t<div class=\"elementor-widget-container\">\n\t\t\t\t\t<div class=\"elementor-spacer\">\n\t\t\t<div class=\"elementor-spacer-inner\"><\/div>\n\t\t<\/div>\n\t\t\t\t<\/div>\n\t\t\t\t<\/div>\n\t\t\t\t\t\t<\/div>\n\t\t\t<\/div>\n\t\t<\/div>\n\t\t\t\t\t\t<\/div>\n\t\t\t<\/div>\n\t\t<\/section>\n\t\t\t\t<section class=\"elementor-element elementor-element-a84c4ed elementor-section-boxed elementor-section-height-default elementor-section-height-default elementor-section elementor-top-section\" data-id=\"a84c4ed\" data-element_type=\"section\">\n\t\t\t\t\t\t<div class=\"elementor-container elementor-column-gap-default\">\n\t\t\t\t<div class=\"elementor-row\">\n\t\t\t\t<div class=\"elementor-element elementor-element-8bddb73 elementor-column elementor-col-100 elementor-top-column\" data-id=\"8bddb73\" data-element_type=\"column\">\n\t\t\t<div class=\"elementor-column-wrap  elementor-element-populated\">\n\t\t\t\t\t<div class=\"elementor-widget-wrap\">\n\t\t\t\t<div class=\"elementor-element elementor-element-2c58d81 elementor-widget elementor-widget-heading\" data-id=\"2c58d81\" data-element_type=\"widget\" data-widget_type=\"heading.default\">\n\t\t\t\t<div class=\"elementor-widget-container\">\n\t\t\t<h2 class=\"elementor-heading-title elementor-size-default\">Distribuidor GatesAir<\/h2>\t\t<\/div>\n\t\t\t\t<\/div>\n\t\t\t\t\t\t<\/div>\n\t\t\t<\/div>\n\t\t<\/div>\n\t\t\t\t\t\t<\/div>\n\t\t\t<\/div>\n\t\t<\/section>\n\t\t\t\t<section class=\"elementor-element elementor-element-39da0d3 elementor-section-boxed elementor-section-height-default elementor-section-height-default elementor-section elementor-top-section\" data-id=\"39da0d3\" data-element_type=\"section\">\n\t\t\t\t\t\t<div class=\"elementor-container elementor-column-gap-default\">\n\t\t\t\t<div class=\"elementor-row\">\n\t\t\t\t<div class=\"elementor-element elementor-element-5515648 elementor-column elementor-col-100 elementor-top-column\" data-id=\"5515648\" data-element_type=\"column\">\n\t\t\t<div class=\"elementor-column-wrap  elementor-element-populated\">\n\t\t\t\t\t<div class=\"elementor-widget-wrap\">\n\t\t\t\t<div class=\"elementor-element elementor-element-774c8a3 elementor-widget elementor-widget-image\" data-id=\"774c8a3\" data-element_type=\"widget\" data-widget_type=\"image.default\">\n\t\t\t\t<div class=\"elementor-widget-container\">\n\t\t\t\t\t<div class=\"elementor-image\">\n\t\t\t\t\t\t\t\t\t\t<img width=\"191\" height=\"88\" src=\"https:\/\/www.digicast.cl\/1\/wp-content\/uploads\/2020\/10\/gatesair-transmitters-for-ota-broadcastinganimated.gif\" class=\"attachment-large size-large\" alt=\"\" loading=\"lazy\" \/>\t\t\t\t\t\t\t\t\t\t\t<\/div>\n\t\t\t\t<\/div>\n\t\t\t\t<\/div>\n\t\t\t\t\t\t<\/div>\n\t\t\t<\/div>\n\t\t<\/div>\n\t\t\t\t\t\t<\/div>\n\t\t\t<\/div>\n\t\t<\/section>\n\t\t\t\t<section class=\"elementor-element elementor-element-9a4dbe1 elementor-section-boxed elementor-section-height-default elementor-section-height-default elementor-section elementor-top-section\" data-id=\"9a4dbe1\" data-element_type=\"section\">\n\t\t\t\t\t\t<div class=\"elementor-container elementor-column-gap-default\">\n\t\t\t\t<div class=\"elementor-row\">\n\t\t\t\t<div class=\"elementor-element elementor-element-bcefb03 elementor-column elementor-col-100 elementor-top-column\" data-id=\"bcefb03\" data-element_type=\"column\">\n\t\t\t<div class=\"elementor-column-wrap  elementor-element-populated\">\n\t\t\t\t\t<div class=\"elementor-widget-wrap\">\n\t\t\t\t<div class=\"elementor-element elementor-element-7f62e0b elementor-aspect-ratio-169 elementor-widget elementor-widget-video\" data-id=\"7f62e0b\" data-element_type=\"widget\" data-settings=\"{&quot;aspect_ratio&quot;:&quot;169&quot;}\" data-widget_type=\"video.default\">\n\t\t\t\t<div class=\"elementor-widget-container\">\n\t\t\t\t\t<div class=\"elementor-wrapper elementor-fit-aspect-ratio elementor-open-inline\">\n\t\t\t<iframe class=\"elementor-video-iframe\" allowfullscreen title=\"Reproductor de v\u00eddeo youtube\" src=\"https:\/\/www.youtube.com\/embed\/kxOHdEjX164?feature=oembed&amp;start&amp;end&amp;wmode=opaque&amp;loop=0&amp;controls=1&amp;mute=0&amp;rel=0&amp;modestbranding=0\"><\/iframe>\t\t<\/div>\n\t\t\t\t<\/div>\n\t\t\t\t<\/div>\n\t\t\t\t\t\t<\/div>\n\t\t\t<\/div>\n\t\t<\/div>\n\t\t\t\t\t\t<\/div>\n\t\t\t<\/div>\n\t\t<\/section>\n\t\t\t\t<section class=\"elementor-element elementor-element-371780c elementor-section-boxed elementor-section-height-default elementor-section-height-default elementor-section elementor-top-section\" data-id=\"371780c\" data-element_type=\"section\">\n\t\t\t\t\t\t<div class=\"elementor-container elementor-column-gap-default\">\n\t\t\t\t<div class=\"elementor-row\">\n\t\t\t\t<div class=\"elementor-element elementor-element-747b5bb elementor-column elementor-col-100 elementor-top-column\" data-id=\"747b5bb\" data-element_type=\"column\">\n\t\t\t<div class=\"elementor-column-wrap  elementor-element-populated\">\n\t\t\t\t\t<div class=\"elementor-widget-wrap\">\n\t\t\t\t<div class=\"elementor-element elementor-element-4cc1e21 elementor-widget elementor-widget-spacer\" data-id=\"4cc1e21\" data-element_type=\"widget\" data-widget_type=\"spacer.default\">\n\t\t\t\t<div class=\"elementor-widget-container\">\n\t\t\t\t\t<div class=\"elementor-spacer\">\n\t\t\t<div class=\"elementor-spacer-inner\"><\/div>\n\t\t<\/div>\n\t\t\t\t<\/div>\n\t\t\t\t<\/div>\n\t\t\t\t\t\t<\/div>\n\t\t\t<\/div>\n\t\t<\/div>\n\t\t\t\t\t\t<\/div>\n\t\t\t<\/div>\n\t\t<\/section>\n\t\t\t\t\t\t<\/div>\n\t\t\t<\/div>\n\t\t<\/div>\n\t\t","protected":false},"excerpt":{"rendered":"<p>Radio TV Digital wireless 20+ A\u00f1os de Experiencia \u00bfPorqu\u00e9 trabajar con Nosotros? Desde la fundaci\u00f3n de Digicast, contamos con un\u00a0prestigio de excelente servicio. Desde la\u00a0planificaci\u00f3n y dise\u00f1o hasta la puesta en marcha del proyecto, estamos ah\u00ed en cada paso. A trav\u00e9s de los a\u00f1os, Digicast se transformado en una empresa s\u00f3lida y dominante en el [&hellip;]<\/p>\n","protected":false},"author":1,"featured_media":0,"parent":0,"menu_order":0,"comment_status":"closed","ping_status":"closed","template":"elementor_header_footer","meta":[],"_links":{"self":[{"href":"https:\/\/www.digicast.cl\/1\/wp-json\/wp\/v2\/pages\/1905"}],"collection":[{"href":"https:\/\/www.digicast.cl\/1\/wp-json\/wp\/v2\/pages"}],"about":[{"href":"https:\/\/www.digicast.cl\/1\/wp-json\/wp\/v2\/types\/page"}],"author":[{"embeddable":true,"href":"https:\/\/www.digicast.cl\/1\/wp-json\/wp\/v2\/users\/1"}],"replies":[{"embeddable":true,"href":"https:\/\/www.digicast.cl\/1\/wp-json\/wp\/v2\/comments?post=1905"}],"version-history":[{"count":119,"href":"https:\/\/www.digicast.cl\/1\/wp-json\/wp\/v2\/pages\/1905\/revisions"}],"predecessor-version":[{"id":2579,"href":"https:\/\/www.digicast.cl\/1\/wp-json\/wp\/v2\/pages\/1905\/revisions\/2579"}],"wp:attachment":[{"href":"https:\/\/www.digicast.cl\/1\/wp-json\/wp\/v2\/media?parent=1905"}],"curies":[{"name":"wp","href":"https:\/\/api.w.org\/{rel}","templated":true}]}}